{"id":25193,"date":"2020-12-20T13:36:09","date_gmt":"2020-12-20T12:36:09","guid":{"rendered":"https:\/\/gmproperties.pl\/?page_id=25193"},"modified":"2021-01-17T15:25:14","modified_gmt":"2021-01-17T14:25:14","slug":"finansowanie","status":"publish","type":"page","link":"https:\/\/gmproperties.pl\/index.php\/oferta\/finansowanie\/","title":{"rendered":"Finansowanie"},"content":{"rendered":"\n<p>Zakup nieruchomo\u015bci, szczeg\u00f3lnie na w\u0142asne cele mieszkaniowe, wi\u0105\u017ce si\u0119 z wieloma emocjami. G\u0105szcz przepis\u00f3w i lista wymaga\u0144 oraz koniecznych dokument\u00f3w mog\u0105 przyt\u0142acza\u0107&#8230;<\/p>\n\n\n\n<p><strong>Jak wygl\u0105da proces zakupu z nasz\u0105 pomoc\u0105?<\/strong><\/p>\n\n\n\n<ul><li>Gdy ju\u017c masz interesuj\u0105c\u0105 Ci\u0119 nieruchomo\u015b\u0107, kt\u00f3r\u0105 chcesz kupi\u0107, zg\u0142aszasz si\u0119 do nas,<\/li><li>Wnosisz op\u0142at\u0119 w celu wst\u0119pnej weryfikacji warto\u015bci nieruchomo\u015bci oraz zdolno\u015bci kredytowej,<\/li><li>Nasi eksperci sprawdz\u0105 parametry finansowe i zdolno\u015b\u0107 kredytow\u0105, op\u0142ata wst\u0119pna zostanie odj\u0119ta od kosztu wyceny nieruchomo\u015bci,<\/li><li><span style=\"font-size: 1rem;\">Nasi partnerzy dobior\u0105 ofert\u0119 banku dopasowan\u0105 do twoich potrzeb<\/span><\/li><li>Podpiszesz umow\u0119 i zrealizujesz swoje cele<\/li><\/ul>\n\n\n\n<figure class=\"wp-block-image size-full is-resized is-style-default\"><img src=\"https:\/\/gmproperties.pl\/wp-content\/uploads\/2021\/01\/proces-2.png\" alt=\"\" class=\"wp-image-25338\" height=\"100\" srcset=\"https:\/\/gmproperties.pl\/wp-content\/uploads\/2021\/01\/proces-2.png 2000w, https:\/\/gmproperties.pl\/wp-content\/uploads\/2021\/01\/proces-2-300x30.png 300w, https:\/\/gmproperties.pl\/wp-content\/uploads\/2021\/01\/proces-2-1024x104.png 1024w, https:\/\/gmproperties.pl\/wp-content\/uploads\/2021\/01\/proces-2-768x78.png 768w, https:\/\/gmproperties.pl\/wp-content\/uploads\/2021\/01\/proces-2-1536x156.png 1536w\" sizes=\"(max-width: 2000px) 100vw, 2000px\" \/><\/figure>\n\n\n\n<p><strong>Co zyskujesz dzi\u0119ki wsp\u00f3\u0142pracy z nami?<\/strong><\/p>\n\n\n\n<ul><li><span style=\"font-size: 1rem;\">Oszcz\u0119dno\u015b\u0107 czasu dzi\u0119ki realizacji wszystkich spraw w jednym miejscu<\/span> &#8211; formalno\u015bci pozostaw nam,<\/li><li>Wsparcie zgranego zespo\u0142u z wieloletnim do\u015bwiadczeniem,<\/li><li>Brak konieczno\u015bci koordynowania przep\u0142ywu dokument\u00f3w i informacji<\/li><li>Op\u0142aty ograniczone tylko do kosztu sporz\u0105dzenia wst\u0119pnej weryfikacji zdolno\u015bci kredytowej i warto\u015bci nieruchomo\u015bci &#8211; dzi\u0119ki temu rozwi\u0105zaniu nie musisz ponosi\u0107 wysokich koszt\u00f3w w razie braku zdolno\u015bci kredytowej lub niewystarczaj\u0105cej warto\u015bci nieruchomo\u015bci stanowi\u0105cej zabezpieczenie (nie dotyczy odmowy udzielenia kredytu)<\/li><li>Jedyny koszt kt\u00f3ry ponosisz to sporz\u0105dzenie wyceny nieruchomo\u015bci w razie pozytywnej wst\u0119pnej weryfikacji<\/li><\/ul>\n\n\n\n<div class=\"wp-block-buttons\">\n<div class=\"wp-block-button is-style-fill\"><a class=\"wp-block-button__link\" href=\"https:\/\/gmproperties.pl\/index.php\/kontakt\/\" rel=\"\">Skontaktuj si\u0119 z nami<\/a><\/div>\n<\/div>\n\n\n\n<p><\/p>\n","protected":false},"excerpt":{"rendered":"<p>Zakup nieruchomo\u015bci, szczeg\u00f3lnie na w\u0142asne cele mieszkaniowe, wi\u0105\u017ce si\u0119 z wieloma emocjami. G\u0105szcz przepis\u00f3w i lista wymaga\u0144 oraz koniecznych dokument\u00f3w mog\u0105 przyt\u0142acza\u0107&#8230; Jak wygl\u0105da proces zakupu z nasz\u0105 pomoc\u0105? Gdy ju\u017c masz interesuj\u0105c\u0105 Ci\u0119 nieruchomo\u015b\u0107, kt\u00f3r\u0105 chcesz kupi\u0107, zg\u0142aszasz si\u0119 do nas, Wnosisz op\u0142at\u0119 w celu wst\u0119pnej weryfikacji warto\u015bci nieruchomo\u015bci oraz zdolno\u015bci kredytowej, Nasi eksperci &hellip;<\/p>\n<p class=\"read-more\"> <a class=\"\" href=\"https:\/\/gmproperties.pl\/index.php\/oferta\/finansowanie\/\"> <span class=\"screen-reader-text\">Finansowanie<\/span> Read More &raquo;<\/a><\/p>\n","protected":false},"author":1,"featured_media":0,"parent":25189,"menu_order":0,"comment_status":"closed","ping_status":"closed","template":"","meta":[],"uagb_featured_image_src":{"full":false,"thumbnail":false,"medium":false,"medium_large":false,"large":false,"1536x1536":false,"2048x2048":false},"uagb_author_info":{"display_name":"admin7447","author_link":"https:\/\/gmproperties.pl\/index.php\/author\/admin7447\/"},"uagb_comment_info":0,"uagb_excerpt":"Zakup nieruchomo\u015bci, szczeg\u00f3lnie na w\u0142asne cele mieszkaniowe, wi\u0105\u017ce si\u0119 z wieloma emocjami. G\u0105szcz przepis\u00f3w i lista wymaga\u0144 oraz koniecznych dokument\u00f3w mog\u0105 przyt\u0142acza\u0107&#8230; Jak wygl\u0105da proces zakupu z nasz\u0105 pomoc\u0105? Gdy ju\u017c masz interesuj\u0105c\u0105 Ci\u0119 nieruchomo\u015b\u0107, kt\u00f3r\u0105 chcesz kupi\u0107, zg\u0142aszasz si\u0119 do nas, Wnosisz op\u0142at\u0119 w celu wst\u0119pnej weryfikacji warto\u015bci nieruchomo\u015bci oraz zdolno\u015bci kredytowej, Nasi eksperci&hellip;","_links":{"self":[{"href":"https:\/\/gmproperties.pl\/index.php\/wp-json\/wp\/v2\/pages\/25193"}],"collection":[{"href":"https:\/\/gmproperties.pl\/index.php\/wp-json\/wp\/v2\/pages"}],"about":[{"href":"https:\/\/gmproperties.pl\/index.php\/wp-json\/wp\/v2\/types\/page"}],"author":[{"embeddable":true,"href":"https:\/\/gmproperties.pl\/index.php\/wp-json\/wp\/v2\/users\/1"}],"replies":[{"embeddable":true,"href":"https:\/\/gmproperties.pl\/index.php\/wp-json\/wp\/v2\/comments?post=25193"}],"version-history":[{"count":9,"href":"https:\/\/gmproperties.pl\/index.php\/wp-json\/wp\/v2\/pages\/25193\/revisions"}],"predecessor-version":[{"id":25339,"href":"https:\/\/gmproperties.pl\/index.php\/wp-json\/wp\/v2\/pages\/25193\/revisions\/25339"}],"up":[{"embeddable":true,"href":"https:\/\/gmproperties.pl\/index.php\/wp-json\/wp\/v2\/pages\/25189"}],"wp:attachment":[{"href":"https:\/\/gmproperties.pl\/index.php\/wp-json\/wp\/v2\/media?parent=25193"}],"curies":[{"name":"wp","href":"https:\/\/api.w.org\/{rel}","templated":true}]}}