{"id":25195,"date":"2020-12-20T13:37:33","date_gmt":"2020-12-20T12:37:33","guid":{"rendered":"https:\/\/gmproperties.pl\/?page_id=25195"},"modified":"2021-01-18T11:11:45","modified_gmt":"2021-01-18T10:11:45","slug":"obsluga-developerow","status":"publish","type":"page","link":"https:\/\/gmproperties.pl\/index.php\/oferta\/obsluga-developerow\/","title":{"rendered":"Obs\u0142uga deweloper\u00f3w"},"content":{"rendered":"\n<p class=\"has-normal-font-size\">Oferta skrojona na miar\u0119 oczekiwa\u0144 Twoich i Twoich klient\u00f3w!<\/p>\n\n\n\n<p><strong>Nasza firma dostarcza rozwi\u0105zania dla twoich klient\u00f3w<\/strong><\/p>\n\n\n\n<ul><li>Kompleksow\u0105 obs\u0142ug\u0119 w dziedzinie wyceny nieruchomo\u015bci,<\/li><li>Obs\u0142ug\u0119 ekspert\u00f3w w dziedzinie finansowania zakupu nieruchomo\u015bci z rynku pierwotnego i wt\u00f3rnego<\/li><\/ul>\n\n\n\n<p><strong>Co mo\u017cemy zrobi\u0107 dla Ciebie?<\/strong><\/p>\n\n\n\n<ul><li>Wykonujemy analizy dla firm zajmuj\u0105cych si\u0119 budownictwem mieszkaniowym jak i komercyjnym,<\/li><li>Nasi eksperci zapewniaj\u0105 pomoc w dziedzinie finansowania inwestycji deweloperskich,<\/li><li>Wykonujemy wyceny ca\u0142ych inwestycji deweloperskich,<\/li><\/ul>\n\n\n\n<p class=\"has-medium-font-size\">Nasz do\u015bwiadczony zesp\u00f3\u0142 pomo\u017ce Ci w osi\u0105gni\u0119ciu sukcesu!<\/p>\n\n\n\n<p>Wsp\u00f3\u0142pracujemy z wieloma deweloperami z wojew\u00f3dztwa \u015bl\u0105skiego i ma\u0142opolskiego.<\/p>\n\n\n\n<div class=\"wp-block-buttons\">\n<div class=\"wp-block-button\"><a class=\"wp-block-button__link\" href=\"https:\/\/gmproperties.pl\/index.php\/kontakt\/\">Skontaktuj si\u0119 z nami i poznaj szczeg\u00f3\u0142owo nasz\u0105 ofert\u0119<\/a><\/div>\n<\/div>\n\n\n\n<p><\/p>\n","protected":false},"excerpt":{"rendered":"<p>Oferta skrojona na miar\u0119 oczekiwa\u0144 Twoich i Twoich klient\u00f3w! Nasza firma dostarcza rozwi\u0105zania dla twoich klient\u00f3w Kompleksow\u0105 obs\u0142ug\u0119 w dziedzinie wyceny nieruchomo\u015bci, Obs\u0142ug\u0119 ekspert\u00f3w w dziedzinie finansowania zakupu nieruchomo\u015bci z rynku pierwotnego i wt\u00f3rnego Co mo\u017cemy zrobi\u0107 dla Ciebie? Wykonujemy analizy dla firm zajmuj\u0105cych si\u0119 budownictwem mieszkaniowym jak i komercyjnym, Nasi eksperci zapewniaj\u0105 pomoc w &hellip;<\/p>\n<p class=\"read-more\"> <a class=\"\" href=\"https:\/\/gmproperties.pl\/index.php\/oferta\/obsluga-developerow\/\"> <span class=\"screen-reader-text\">Obs\u0142uga deweloper\u00f3w<\/span> Read More &raquo;<\/a><\/p>\n","protected":false},"author":1,"featured_media":0,"parent":25189,"menu_order":1,"comment_status":"closed","ping_status":"closed","template":"","meta":[],"uagb_featured_image_src":{"full":false,"thumbnail":false,"medium":false,"medium_large":false,"large":false,"1536x1536":false,"2048x2048":false},"uagb_author_info":{"display_name":"admin7447","author_link":"https:\/\/gmproperties.pl\/index.php\/author\/admin7447\/"},"uagb_comment_info":0,"uagb_excerpt":"Oferta skrojona na miar\u0119 oczekiwa\u0144 Twoich i Twoich klient\u00f3w! Nasza firma dostarcza rozwi\u0105zania dla twoich klient\u00f3w Kompleksow\u0105 obs\u0142ug\u0119 w dziedzinie wyceny nieruchomo\u015bci, Obs\u0142ug\u0119 ekspert\u00f3w w dziedzinie finansowania zakupu nieruchomo\u015bci z rynku pierwotnego i wt\u00f3rnego Co mo\u017cemy zrobi\u0107 dla Ciebie? Wykonujemy analizy dla firm zajmuj\u0105cych si\u0119 budownictwem mieszkaniowym jak i komercyjnym, Nasi eksperci zapewniaj\u0105 pomoc w&hellip;","_links":{"self":[{"href":"https:\/\/gmproperties.pl\/index.php\/wp-json\/wp\/v2\/pages\/25195"}],"collection":[{"href":"https:\/\/gmproperties.pl\/index.php\/wp-json\/wp\/v2\/pages"}],"about":[{"href":"https:\/\/gmproperties.pl\/index.php\/wp-json\/wp\/v2\/types\/page"}],"author":[{"embeddable":true,"href":"https:\/\/gmproperties.pl\/index.php\/wp-json\/wp\/v2\/users\/1"}],"replies":[{"embeddable":true,"href":"https:\/\/gmproperties.pl\/index.php\/wp-json\/wp\/v2\/comments?post=25195"}],"version-history":[{"count":3,"href":"https:\/\/gmproperties.pl\/index.php\/wp-json\/wp\/v2\/pages\/25195\/revisions"}],"predecessor-version":[{"id":25349,"href":"https:\/\/gmproperties.pl\/index.php\/wp-json\/wp\/v2\/pages\/25195\/revisions\/25349"}],"up":[{"embeddable":true,"href":"https:\/\/gmproperties.pl\/index.php\/wp-json\/wp\/v2\/pages\/25189"}],"wp:attachment":[{"href":"https:\/\/gmproperties.pl\/index.php\/wp-json\/wp\/v2\/media?parent=25195"}],"curies":[{"name":"wp","href":"https:\/\/api.w.org\/{rel}","templated":true}]}}