{"id":25197,"date":"2020-12-20T13:39:08","date_gmt":"2020-12-20T12:39:08","guid":{"rendered":"https:\/\/gmproperties.pl\/?page_id=25197"},"modified":"2021-01-18T08:58:38","modified_gmt":"2021-01-18T07:58:38","slug":"wyceny-nieruchomosci","status":"publish","type":"page","link":"https:\/\/gmproperties.pl\/index.php\/oferta\/wyceny-nieruchomosci\/","title":{"rendered":"Wyceny nieruchomo\u015bci"},"content":{"rendered":"\n<p>Nasz zesp\u00f3\u0142 z wieloletnim do\u015bwiadczeniem pomo\u017ce Ci w ka\u017cdej kwestii dotycz\u0105cej wycen nieruchomo\u015bci. Wykonamy stosown\u0105 dokumentacj\u0119 jednocze\u015bnie staraj\u0105c si\u0119 przeprowadzi\u0107 proces wyceny w jak najmniej skomplikowany spos\u00f3b, anga\u017cuj\u0105c minimaln\u0105 ilo\u015b\u0107 Twojego cennego czasu.<\/p>\n\n\n\n<p><strong>Do jakich cel\u00f3w mo\u017cesz potrzebowa\u0107 wyceny?<\/strong><\/p>\n\n\n\n<ul><li>zabezpieczenia wierzytelno\u015bci hipotek\u0105 &#8211; na przyk\u0142ad kredyty bankowe,<\/li><li>inwestycyjnych,<\/li><li>kupna sprzeda\u017cy,<\/li><li>ksi\u0119gowych,<\/li><li>wniesienia aport\u00f3w do sp\u00f3\u0142ek,<\/li><li>okre\u015blenia wysoko\u015bci odszkodowa\u0144,<\/li><li>okre\u015blenia wysoko\u015bci op\u0142at adiacenckich.<\/li><\/ul>\n\n\n\n<p><strong>Jakie nieruchomo\u015bci wyceniamy?<\/strong><\/p>\n\n\n\n<ul><li>Dzia\u0142ki, Domy, Mieszkania,<\/li><li>Lokale u\u017cytkowe,<\/li><li>Nieruchomo\u015bci komercyjne: stacje paliw, hale produkcyjno-magazynowe, biurowce w tym biurowce klasy A,<\/li><li>\u015arodki trwa\u0142e, maszyny, urz\u0105dzenia, samochody, elementy wyposa\u017cenia np. meble, sprz\u0119t g\u00f3rniczy, sprz\u0119t stomatologiczny, inny sprz\u0119t specjalistyczny,<\/li><li>Przedsi\u0119biorstwa,<\/li><li>Z\u0142o\u017ca.<\/li><\/ul>\n\n\n\n<p><strong>Co zyskujesz dzi\u0119ki wyborowi naszej oferty?<\/strong><\/p>\n\n\n\n<ul><li><span style=\"font-size: 1rem;\">Najwy\u017cszej jako\u015bci us\u0142ug\u0119 potwierdzon\u0105 wieloletnim do\u015bwiadczeniom,<\/span><\/li><li>Jako\u015b\u0107 opracowa\u0107 oraz szybko\u015b\u0107 ich wykonania dzi\u0119ki zastosowanym przez nasz\u0105 firm\u0119 unikalnym narz\u0119dziom informatycznym automatyzuj\u0105cym prac\u0119, proces tworzenia i obieg dokument\u00f3w<\/li><li>Mo\u017cliwo\u015b\u0107 wsparcia ekspert\u00f3w z zakresu prawa budowlanego w tym bieg\u0142ych s\u0105dowych.<\/li><\/ul>\n\n\n\n<div class=\"wp-block-buttons\"><\/div>\n\n\n\n<div class=\"wp-block-buttons\">\n<div class=\"wp-block-button\"><a class=\"wp-block-button__link\" href=\"https:\/\/gmproperties.pl\/index.php\/kontakt\/\">Zadzwo\u0144 do nas, porozmawiajmy&#8230;<\/a><\/div>\n\n\n\n<div class=\"wp-block-button\"><a class=\"wp-block-button__link has-white-color has-vivid-red-background-color has-text-color has-background\" href=\"https:\/\/forms.gle\/17LMN2AcjXtcQPz78\" target=\"_blank\" rel=\"noreferrer noopener\">Formularz zlecenia<\/a><\/div>\n<\/div>\n\n\n\n<p><\/p>\n","protected":false},"excerpt":{"rendered":"<p>Nasz zesp\u00f3\u0142 z wieloletnim do\u015bwiadczeniem pomo\u017ce Ci w ka\u017cdej kwestii dotycz\u0105cej wycen nieruchomo\u015bci. Wykonamy stosown\u0105 dokumentacj\u0119 jednocze\u015bnie staraj\u0105c si\u0119 przeprowadzi\u0107 proces wyceny w jak najmniej skomplikowany spos\u00f3b, anga\u017cuj\u0105c minimaln\u0105 ilo\u015b\u0107 Twojego cennego czasu. Do jakich cel\u00f3w mo\u017cesz potrzebowa\u0107 wyceny? zabezpieczenia wierzytelno\u015bci hipotek\u0105 &#8211; na przyk\u0142ad kredyty bankowe, inwestycyjnych, kupna sprzeda\u017cy, ksi\u0119gowych, wniesienia aport\u00f3w do sp\u00f3\u0142ek, &hellip;<\/p>\n<p class=\"read-more\"> <a class=\"\" href=\"https:\/\/gmproperties.pl\/index.php\/oferta\/wyceny-nieruchomosci\/\"> <span class=\"screen-reader-text\">Wyceny nieruchomo\u015bci<\/span> Read More &raquo;<\/a><\/p>\n","protected":false},"author":1,"featured_media":0,"parent":25189,"menu_order":2,"comment_status":"closed","ping_status":"closed","template":"","meta":[],"uagb_featured_image_src":{"full":false,"thumbnail":false,"medium":false,"medium_large":false,"large":false,"1536x1536":false,"2048x2048":false},"uagb_author_info":{"display_name":"admin7447","author_link":"https:\/\/gmproperties.pl\/index.php\/author\/admin7447\/"},"uagb_comment_info":0,"uagb_excerpt":"Nasz zesp\u00f3\u0142 z wieloletnim do\u015bwiadczeniem pomo\u017ce Ci w ka\u017cdej kwestii dotycz\u0105cej wycen nieruchomo\u015bci. Wykonamy stosown\u0105 dokumentacj\u0119 jednocze\u015bnie staraj\u0105c si\u0119 przeprowadzi\u0107 proces wyceny w jak najmniej skomplikowany spos\u00f3b, anga\u017cuj\u0105c minimaln\u0105 ilo\u015b\u0107 Twojego cennego czasu. Do jakich cel\u00f3w mo\u017cesz potrzebowa\u0107 wyceny? zabezpieczenia wierzytelno\u015bci hipotek\u0105 &#8211; na przyk\u0142ad kredyty bankowe, inwestycyjnych, kupna sprzeda\u017cy, ksi\u0119gowych, wniesienia aport\u00f3w do sp\u00f3\u0142ek,&hellip;","_links":{"self":[{"href":"https:\/\/gmproperties.pl\/index.php\/wp-json\/wp\/v2\/pages\/25197"}],"collection":[{"href":"https:\/\/gmproperties.pl\/index.php\/wp-json\/wp\/v2\/pages"}],"about":[{"href":"https:\/\/gmproperties.pl\/index.php\/wp-json\/wp\/v2\/types\/page"}],"author":[{"embeddable":true,"href":"https:\/\/gmproperties.pl\/index.php\/wp-json\/wp\/v2\/users\/1"}],"replies":[{"embeddable":true,"href":"https:\/\/gmproperties.pl\/index.php\/wp-json\/wp\/v2\/comments?post=25197"}],"version-history":[{"count":7,"href":"https:\/\/gmproperties.pl\/index.php\/wp-json\/wp\/v2\/pages\/25197\/revisions"}],"predecessor-version":[{"id":25345,"href":"https:\/\/gmproperties.pl\/index.php\/wp-json\/wp\/v2\/pages\/25197\/revisions\/25345"}],"up":[{"embeddable":true,"href":"https:\/\/gmproperties.pl\/index.php\/wp-json\/wp\/v2\/pages\/25189"}],"wp:attachment":[{"href":"https:\/\/gmproperties.pl\/index.php\/wp-json\/wp\/v2\/media?parent=25197"}],"curies":[{"name":"wp","href":"https:\/\/api.w.org\/{rel}","templated":true}]}}