{"id":9,"date":"2018-12-18T05:52:48","date_gmt":"2018-12-18T05:52:48","guid":{"rendered":"http:\/\/harshad.sharkz.in\/?page_id=9"},"modified":"2021-01-29T10:33:46","modified_gmt":"2021-01-29T09:33:46","slug":"home","status":"publish","type":"page","link":"https:\/\/gmproperties.pl\/","title":{"rendered":"Home"},"content":{"rendered":"\n<section class=\"wp-block-uagb-section uagb-section__wrap uagb-section__background-image uagb-block-7533d9aa\"><div class=\"uagb-section__overlay\"><\/div><div class=\"uagb-section__inner-wrap\">\n<div class=\"wp-block-columns has-2-columns\">\n<div class=\"wp-block-column\">\n<section class=\"wp-block-uagb-section uagb-section__wrap uagb-section__background-undefined uagb-block-ec9486d6\"><div class=\"uagb-section__overlay\"><\/div><div class=\"uagb-section__inner-wrap\">\n<figure class=\"wp-block-image is-resized\"><img loading=\"lazy\" src=\"https:\/\/websitedemos.net\/entrepreneur-07\/wp-content\/uploads\/sites\/390\/2018\/12\/quotes-free-img.png\" alt=\"\" class=\"wp-image-24962\" width=\"75\" height=\"58\"\/><\/figure>\n\n\n\n<div style=\"height:20px\" aria-hidden=\"true\" class=\"wp-block-spacer\"><\/div>\n\n\n\n<div class=\"wp-block-uagb-advanced-heading uagb-block-af33076b\" id=\"uagb-adv-heading-36ae7fba-5ac7-450a-9ce9-8adcaec794a4\"><h1 class=\"uagb-heading-text\">Na rynku pe\u0142no jest ludzi, kt\u00f3rzy znaj\u0105 cen\u0119 wszystkiego, lecz nie znaj\u0105 warto\u015bci niczego.\u201d <\/h1><p class=\"uagb-desc-text\">  Philip Fisher <\/p><\/div>\n\n\n\n<div style=\"height:50px\" aria-hidden=\"true\" class=\"wp-block-spacer\"><\/div>\n\n\n\n<div class=\"wp-block-uagb-buttons uagb-buttons__outer-wrap uagb-block-5baf01f2\"><div class=\"uagb-buttons__wrap uagb-buttons-layout-wrap\">\n<div class=\"wp-block-uagb-buttons-child uagb-buttons__outer-wrap uagb-block-9f9ffd78\"><div class=\"uagb-button__wrapper\"><a class=\"uagb-buttons-repeater\" href=\"https:\/\/gmproperties.pl\/index.php\/kontakt\/\" rel=\"noopener noreferrer\" target=\"_self\"><div class=\"uagb-button__link\">KONTAKT<\/div><\/a><\/div><\/div>\n\n\n\n<div class=\"wp-block-uagb-buttons-child uagb-buttons__outer-wrap uagb-block-8e3d67e4\"><div class=\"uagb-button__wrapper\"><a class=\"uagb-buttons-repeater\" href=\"#naszeus\u0142ugi\" rel=\"noopener noreferrer\" target=\"_self\"><div class=\"uagb-button__link\"> WI\u0118CEJ <\/div><\/a><\/div><\/div>\n<\/div><\/div>\n<\/div><\/section>\n<\/div>\n\n\n\n<div class=\"wp-block-column\"><\/div>\n<\/div>\n<\/div><\/section>\n\n\n\n<section class=\"wp-block-uagb-section uagb-section__wrap uagb-section__background-undefined uagb-block-4143e281\"><div class=\"uagb-section__overlay\"><\/div><div class=\"uagb-section__inner-wrap\">\n<h2 class=\"has-text-align-center\" id=\"naszeus\u0142ugi\">Nasze Us\u0142ugi<\/h2>\n\n\n\n<div style=\"height:50px\" aria-hidden=\"true\" class=\"wp-block-spacer\"><\/div>\n\n\n\n<div class=\"wp-block-columns has-3-columns\">\n<div class=\"wp-block-column\">\n<section class=\"wp-block-uagb-section uagb-section__wrap uagb-section__background-image uagb-block-d55cc46e bring-to-top\"><div class=\"uagb-section__overlay\"><\/div><div class=\"uagb-section__inner-wrap\">\n<div class=\"wp-block-uagb-info-box uagb-infobox__outer-wrap uagb-block-98a0ea64\"><div class=\"uagb-infobox__content-wrap uagb-infobox uagb-infobox-has-image uagb-infobox-icon-above-title uagb-infobox-image-valign-top uagb-infobox-enable-border-radius \"><div class=\"uagb-ifb-left-right-wrap\"><div class=\"uagb-ifb-content\"><div class=\"uagb-ifb-title-wrap\"><h3 class=\"uagb-ifb-title\">Finansowanie zakupu twojej nieruchomo\u015bci<\/h3><\/div><div class=\"uagb-ifb-separator-parent\"><div class=\"uagb-ifb-separator\"><\/div><\/div><div class=\"uagb-ifb-text-wrap\"><p class=\"uagb-ifb-desc\"><br><img loading=\"lazy\" width=\"1280\" height=\"853\" class=\"wp-image-25212\" style=\"width: 280px;\" src=\"https:\/\/gmproperties.pl\/wp-content\/uploads\/2020\/12\/key-home-house-2323278.jpg\" alt=\"key, home, house\" srcset=\"https:\/\/gmproperties.pl\/wp-content\/uploads\/2020\/12\/key-home-house-2323278.jpg 1280w, https:\/\/gmproperties.pl\/wp-content\/uploads\/2020\/12\/key-home-house-2323278-300x200.jpg 300w, https:\/\/gmproperties.pl\/wp-content\/uploads\/2020\/12\/key-home-house-2323278-1024x682.jpg 1024w, https:\/\/gmproperties.pl\/wp-content\/uploads\/2020\/12\/key-home-house-2323278-768x512.jpg 768w\" sizes=\"(max-width: 1280px) 100vw, 1280px\" \/><br><br>My zajmiemy si\u0119 formalno\u015bciami, Ty zajmij si\u0119 projektowaniem marze\u0144!<br><br>Dzi\u0119ki naszej pomocy, <strong>kredyt <\/strong>oraz <strong>wycen\u0119 nieruchomo\u015bci <\/strong>za\u0142atwisz w jednym miejscu bez zb\u0119dnych formalno\u015bci.<br><br>Nasi eksperci pomog\u0105, wyt\u0142umacz\u0105, doradz\u0105 gdy tylko b\u0119dziesz tego potrzebowa\u0142.<\/p><div class=\"uagb-ifb-cta uagb-infobox-cta-link-style\"><div class=\"uagb-ifb-button-wrapper\"><a href=\"index.php\/oferta\/wyceny-nieruchomosci-kredyty\/\" class=\"uagb-infobox-cta-link uagb-ifb-cta-button\" target=\"_self\" rel=\"noopener noreferrer\"><span class=\"uagb-ifb-cta-content-wrapper\"><span class=\"uagb-inline-editing \">Dowiedz si\u0119 wi\u0119cej&#8230;<\/span><\/span><\/a><\/div><\/div><\/div><\/div><\/div><\/div><\/div>\n\n\n\n<p><\/p>\n<\/div><\/section>\n<\/div>\n\n\n\n<div class=\"wp-block-column\">\n<section class=\"wp-block-uagb-section uagb-section__wrap uagb-section__background-image uagb-block-5dcf317a bring-to-top\"><div class=\"uagb-section__overlay\"><\/div><div class=\"uagb-section__inner-wrap\">\n<div class=\"wp-block-group\"><div class=\"wp-block-group__inner-container\">\n<div class=\"wp-block-uagb-info-box uagb-infobox__outer-wrap uagb-block-4864d6bb\"><div class=\"uagb-infobox__content-wrap uagb-infobox uagb-infobox-has-image uagb-infobox-icon-above-title uagb-infobox-image-valign-top uagb-infobox-enable-border-radius \"><div class=\"uagb-ifb-left-right-wrap\"><div class=\"uagb-ifb-content\"><div class=\"uagb-ifb-title-wrap\"><h3 class=\"uagb-ifb-title\">Obs\u0142uga deweloper\u00f3w<\/h3><\/div><div class=\"uagb-ifb-separator-parent\"><div class=\"uagb-ifb-separator\"><\/div><\/div><div class=\"uagb-ifb-text-wrap\"><p class=\"uagb-ifb-desc\"><br><img loading=\"lazy\" width=\"1267\" height=\"1280\" class=\"wp-image-25214\" style=\"width: 200px;\" src=\"https:\/\/gmproperties.pl\/wp-content\/uploads\/2020\/12\/valuation-mortgage-calculate-149889.jpg\" alt=\"valuation, mortgage, calculate\" srcset=\"https:\/\/gmproperties.pl\/wp-content\/uploads\/2020\/12\/valuation-mortgage-calculate-149889.jpg 1267w, https:\/\/gmproperties.pl\/wp-content\/uploads\/2020\/12\/valuation-mortgage-calculate-149889-297x300.jpg 297w, https:\/\/gmproperties.pl\/wp-content\/uploads\/2020\/12\/valuation-mortgage-calculate-149889-1014x1024.jpg 1014w, https:\/\/gmproperties.pl\/wp-content\/uploads\/2020\/12\/valuation-mortgage-calculate-149889-768x776.jpg 768w\" sizes=\"(max-width: 1267px) 100vw, 1267px\" \/><br><br>Twoi klienci w dobrych r\u0119kach!<br><br>Pomo\u017cemy twoim klientom w uzyskaniu kredytu dostarczaj\u0105c ofert\u0119 dopasowan\u0105 do potrzeb i mo\u017cliwo\u015bci. Dzi\u0119ki naszym rozwi\u0105zaniom, Twoi klienci dostan\u0105 wszystko w jednym miejscu, bez zb\u0119dnych formalno\u015bci, a Twoja firma stworzy kompleksow\u0105 ofert\u0119.<br><br>Od lat wsp\u00f3\u0142pracujemy z deweloperami na rynku <strong>ma\u0142opolskim <\/strong>i <strong>\u015bl\u0105skim<\/strong>.<br><br><em>#finansowanie #wycena #projekty #wyko\u0144czenia <\/em><\/p><div class=\"uagb-ifb-cta uagb-infobox-cta-link-style\"><div class=\"uagb-ifb-button-wrapper\"><a href=\"index.php\/oferta\/obsluga-developerow\" class=\"uagb-infobox-cta-link uagb-ifb-cta-button\" target=\"_self\" rel=\"noopener noreferrer\"><span class=\"uagb-ifb-cta-content-wrapper\"><span class=\"uagb-inline-editing \">Dowiedz si\u0119 wi\u0119cej&#8230;<\/span><\/span><\/a><\/div><\/div><\/div><\/div><\/div><\/div><\/div>\n<\/div><\/div>\n<\/div><\/section>\n<\/div>\n\n\n\n<div class=\"wp-block-column\">\n<section class=\"wp-block-uagb-section uagb-section__wrap uagb-section__background-image uagb-block-9ebb91d6 bring-to-top\"><div class=\"uagb-section__overlay\"><\/div><div class=\"uagb-section__inner-wrap\">\n<div class=\"wp-block-uagb-info-box uagb-infobox__outer-wrap uagb-block-2ba82a66\"><div class=\"uagb-infobox__content-wrap uagb-infobox uagb-infobox-has-image uagb-infobox-icon-above-title uagb-infobox-image-valign-top uagb-infobox-enable-border-radius \"><div class=\"uagb-ifb-left-right-wrap\"><div class=\"uagb-ifb-content\"><div class=\"uagb-ifb-title-wrap\"><h3 class=\"uagb-ifb-title\">Wyceny nieruchomo\u015bci<\/h3><\/div><div class=\"uagb-ifb-separator-parent\"><div class=\"uagb-ifb-separator\"><\/div><\/div><div class=\"uagb-ifb-text-wrap\"><p class=\"uagb-ifb-desc\"><br><img loading=\"lazy\" width=\"1280\" height=\"929\" class=\"wp-image-25218\" style=\"width: 280px;\" src=\"https:\/\/gmproperties.pl\/wp-content\/uploads\/2020\/12\/calipers-minus-interest-miniature-figures-4017104.jpg\" alt=\"calipers, minus interest, miniature figures\" srcset=\"https:\/\/gmproperties.pl\/wp-content\/uploads\/2020\/12\/calipers-minus-interest-miniature-figures-4017104.jpg 1280w, https:\/\/gmproperties.pl\/wp-content\/uploads\/2020\/12\/calipers-minus-interest-miniature-figures-4017104-300x218.jpg 300w, https:\/\/gmproperties.pl\/wp-content\/uploads\/2020\/12\/calipers-minus-interest-miniature-figures-4017104-1024x743.jpg 1024w, https:\/\/gmproperties.pl\/wp-content\/uploads\/2020\/12\/calipers-minus-interest-miniature-figures-4017104-768x557.jpg 768w\" sizes=\"(max-width: 1280px) 100vw, 1280px\" \/><br><br>Od ponad 20 lat dzia\u0142amy na rynku wycen nieruchomo\u015bci!<br><br>Nasz do\u015bwiadczony zesp\u00f3\u0142 pomo\u017ce Ci okre\u015bli\u0107 <strong>warto\u015b\u0107 nieruchomo\u015bci<\/strong> sporz\u0105dzaj\u0105c stosowne dokumenty mi\u0119dzy innymi do banku, dla ksi\u0119gowo\u015bci w celu sprzeda\u017cy, okre\u015blenia warto\u015bci s\u0142u\u017cebno\u015bci czy w celu okre\u015blenia op\u0142at adiacenckich.<br><br>Sprawd\u017a jak mo\u017cemy Ci pom\u00f3c, kliknij Dowiedz si\u0119 wi\u0119cej..<br><br><em>#wycena #kosztorys<\/em><\/p><div class=\"uagb-ifb-cta uagb-infobox-cta-link-style\"><div class=\"uagb-ifb-button-wrapper\"><a href=\"index.php\/oferta\/wyceny-nieruchomosci\" class=\"uagb-infobox-cta-link uagb-ifb-cta-button\" target=\"_self\" rel=\"noopener noreferrer\"><span class=\"uagb-ifb-cta-content-wrapper\"><span class=\"uagb-inline-editing \">Dowiedz si\u0119 wi\u0119cej&#8230;<\/span><\/span><\/a><\/div><\/div><\/div><\/div><\/div><\/div><\/div>\n\n\n\n<p><\/p>\n<\/div><\/section>\n<\/div>\n<\/div>\n<\/div><\/section>\n\n\n\n<section class=\"wp-block-uagb-section uagb-section__wrap uagb-section__background-none alignwide uagb-block-6463bb84\"><div class=\"uagb-section__overlay\"><\/div><div class=\"uagb-section__inner-wrap\">\n<div class=\"wp-block-uagb-advanced-heading uagb-block-269c0bc6\" id=\"uagb-adv-heading-75711eac-d957-4bf3-bfd1-e9b141c4e7c2\"><h3 class=\"uagb-heading-text\">Nasi partnerzy i klienci<\/h3><p class=\"uagb-desc-text\">To dzi\u0119ki Wam jeste\u015bmy tu gdzie jeste\u015bmy<\/p><\/div>\n\n\n\n<div class=\"wp-block-columns\">\n<div class=\"wp-block-column\" style=\"flex-basis:100%\">\n<figure class=\"wp-block-gallery aligncenter columns-5\"><ul class=\"blocks-gallery-grid\"><li class=\"blocks-gallery-item\"><figure><img loading=\"lazy\" width=\"600\" height=\"400\" src=\"https:\/\/gmproperties.pl\/wp-content\/uploads\/2021\/01\/logo-4.png\" alt=\"\" data-id=\"25319\" data-link=\"https:\/\/gmproperties.pl\/index.php\/home\/logo-4\/\" class=\"wp-image-25319\" srcset=\"https:\/\/gmproperties.pl\/wp-content\/uploads\/2021\/01\/logo-4.png 600w, https:\/\/gmproperties.pl\/wp-content\/uploads\/2021\/01\/logo-4-300x200.png 300w\" sizes=\"(max-width: 600px) 100vw, 600px\" \/><\/figure><\/li><li class=\"blocks-gallery-item\"><figure><img loading=\"lazy\" width=\"300\" height=\"200\" src=\"https:\/\/gmproperties.pl\/wp-content\/uploads\/2021\/01\/ang-logo-600n-300x200.png\" alt=\"AGB Group S.A\" data-id=\"25264\" data-link=\"https:\/\/gmproperties.pl\/index.php\/home\/ang-logo-600n\/\" class=\"wp-image-25264\" srcset=\"https:\/\/gmproperties.pl\/wp-content\/uploads\/2021\/01\/ang-logo-600n-300x200.png 300w, https:\/\/gmproperties.pl\/wp-content\/uploads\/2021\/01\/ang-logo-600n.png 600w\" sizes=\"(max-width: 300px) 100vw, 300px\" \/><\/figure><\/li><li class=\"blocks-gallery-item\"><figure><img loading=\"lazy\" width=\"600\" height=\"400\" src=\"https:\/\/gmproperties.pl\/wp-content\/uploads\/2021\/01\/szacunek.logo-600n-1.png\" alt=\"\" data-id=\"25317\" data-link=\"https:\/\/gmproperties.pl\/index.php\/home\/szacunek-logo-600n-1\/\" class=\"wp-image-25317\" srcset=\"https:\/\/gmproperties.pl\/wp-content\/uploads\/2021\/01\/szacunek.logo-600n-1.png 600w, https:\/\/gmproperties.pl\/wp-content\/uploads\/2021\/01\/szacunek.logo-600n-1-300x200.png 300w\" sizes=\"(max-width: 600px) 100vw, 600px\" \/><\/figure><\/li><li class=\"blocks-gallery-item\"><figure><img loading=\"lazy\" width=\"600\" height=\"400\" src=\"https:\/\/gmproperties.pl\/wp-content\/uploads\/2021\/01\/SimbaLogo-2.png\" alt=\"\" data-id=\"25321\" data-link=\"https:\/\/gmproperties.pl\/index.php\/home\/simbalogo-2\/\" class=\"wp-image-25321\" srcset=\"https:\/\/gmproperties.pl\/wp-content\/uploads\/2021\/01\/SimbaLogo-2.png 600w, https:\/\/gmproperties.pl\/wp-content\/uploads\/2021\/01\/SimbaLogo-2-300x200.png 300w\" sizes=\"(max-width: 600px) 100vw, 600px\" \/><\/figure><\/li><li class=\"blocks-gallery-item\"><figure><img loading=\"lazy\" width=\"600\" height=\"398\" src=\"https:\/\/gmproperties.pl\/wp-content\/uploads\/2021\/01\/biuro-ekspertyz.png\" alt=\"\" data-id=\"25367\" data-full-url=\"https:\/\/gmproperties.pl\/wp-content\/uploads\/2021\/01\/biuro-ekspertyz.png\" data-link=\"https:\/\/gmproperties.pl\/index.php\/home\/biuro-ekspertyz\/\" class=\"wp-image-25367\" srcset=\"https:\/\/gmproperties.pl\/wp-content\/uploads\/2021\/01\/biuro-ekspertyz.png 600w, https:\/\/gmproperties.pl\/wp-content\/uploads\/2021\/01\/biuro-ekspertyz-300x199.png 300w\" sizes=\"(max-width: 600px) 100vw, 600px\" \/><\/figure><\/li><\/ul><\/figure>\n\n\n\n<p><\/p>\n<\/div>\n<\/div>\n<\/div><\/section>\n\n\n\n<section class=\"wp-block-uagb-section uagb-section__wrap uagb-section__background-gradient uagb-block-120f3542 bring-to-top\"><div class=\"uagb-section__overlay\"><\/div><div class=\"uagb-section__inner-wrap\">\n<div class=\"wp-block-uagb-info-box uagb-infobox__outer-wrap uagb-block-fb1ef1b3\"><div class=\"uagb-infobox__content-wrap uagb-infobox uagb-infobox-has-icon uagb-infobox-icon-above-title uagb-infobox-image-valign-top uagb-infobox-enable-border-radius \"><div class=\"uagb-ifb-left-right-wrap\"><div class=\"uagb-ifb-content\"><div class=\"uagb-ifb-title-wrap\"><h3 class=\"uagb-ifb-title\">Potrzebujesz Wyceny Nieruchomo\u015bci lub finansowania?<\/h3><\/div><div class=\"uagb-ifb-text-wrap\"><p class=\"uagb-ifb-desc\">Skontaktuj si\u0119 z nami!<\/p><div class=\"uagb-ifb-cta uagb-infobox-cta-link-style\"><div class=\"uagb-ifb-button-wrapper\"><a href=\"http:\/\/gmproperties.pl\/index.php\/kontakt\/\" class=\"uagb-infobox-cta-link uagb-ifb-cta-button\" target=\"_self\" rel=\"noopener noreferrer\"><span class=\"uagb-ifb-button-icon uagb-ifb-align-icon-after\"><svg xmlns=\"http:\/\/www.w3.org\/2000\/svg\" viewbox=\"0 0 496 512\"><path d=\"M248 8C111 8 0 119 0 256s111 248 248 248 248-111 248-248S385 8 248 8zm0 96c48.6 0 88 39.4 88 88s-39.4 88-88 88-88-39.4-88-88 39.4-88 88-88zm0 344c-58.7 0-111.3-26.6-146.5-68.2 18.8-35.4 55.6-59.8 98.5-59.8 2.4 0 4.8.4 7.1 1.1 13 4.2 26.6 6.9 40.9 6.9 14.3 0 28-2.7 40.9-6.9 2.3-.7 4.7-1.1 7.1-1.1 42.9 0 79.7 24.4 98.5 59.8C359.3 421.4 306.7 448 248 448z\"><\/path><\/svg><\/span><span class=\"uagb-ifb-cta-content-wrapper\"><span class=\"uagb-inline-editing \">KONTAKT<\/span><\/span><\/a><\/div><\/div><\/div><\/div><\/div><\/div><\/div>\n<\/div><\/section>\n\n\n\n<section class=\"wp-block-uagb-section uagb-section__wrap uagb-section__background-undefined uagb-block-5930f15a\"><div class=\"uagb-section__overlay\"><\/div><div class=\"uagb-section__inner-wrap\">\n<div class=\"wp-block-uagb-advanced-heading uagb-block-893c81c2\" id=\"uagb-adv-heading-d14a234f-79e5-4cac-95c4-4ad5bcbfa88f\"><h2 class=\"uagb-heading-text\">Blog<\/h2><div class=\"uagb-separator-wrap\"><div class=\"uagb-separator\"><\/div><\/div><p class=\"uagb-desc-text\">Aktualne trendy na rynku nieruchomo\u015bci w Polsce<\/p><\/div>\n\n\n\n<div style=\"height:50px\" aria-hidden=\"true\" class=\"wp-block-spacer\"><\/div>\n\n\n\n\t\t\t<div class=\"uagb-post-grid  uagb-post__image-position-background uagb-block-72f41b1c\" data-total=\"0\">\n\n\t\t\t\t<div class=\"uagb-post__items uagb-post__columns-3 is-grid uagb-post__columns-tablet-2 uagb-post__columns-mobile-1 uagb-post__equal-height\">\n\n\t\t\t\t\t\t\t\t<\/div>\n\t\t\t\t\t\t\t\t\t<p class=\"uagb-post__no-posts\">\n\t\t\t\t\t\tNo post found!\t\t\t\t\t<\/p>\n\t\t\t\t\t\t\t\t<\/div>\n\t\t\t<\/div><\/section>\n","protected":false},"excerpt":{"rendered":"","protected":false},"author":1,"featured_media":0,"parent":0,"menu_order":0,"comment_status":"closed","ping_status":"closed","template":"","meta":[],"uagb_featured_image_src":{"full":false,"thumbnail":false,"medium":false,"medium_large":false,"large":false,"1536x1536":false,"2048x2048":false},"uagb_author_info":{"display_name":"admin7447","author_link":"https:\/\/gmproperties.pl\/index.php\/author\/admin7447\/"},"uagb_comment_info":0,"uagb_excerpt":null,"_links":{"self":[{"href":"https:\/\/gmproperties.pl\/index.php\/wp-json\/wp\/v2\/pages\/9"}],"collection":[{"href":"https:\/\/gmproperties.pl\/index.php\/wp-json\/wp\/v2\/pages"}],"about":[{"href":"https:\/\/gmproperties.pl\/index.php\/wp-json\/wp\/v2\/types\/page"}],"author":[{"embeddable":true,"href":"https:\/\/gmproperties.pl\/index.php\/wp-json\/wp\/v2\/users\/1"}],"replies":[{"embeddable":true,"href":"https:\/\/gmproperties.pl\/index.php\/wp-json\/wp\/v2\/comments?post=9"}],"version-history":[{"count":83,"href":"https:\/\/gmproperties.pl\/index.php\/wp-json\/wp\/v2\/pages\/9\/revisions"}],"predecessor-version":[{"id":25368,"href":"https:\/\/gmproperties.pl\/index.php\/wp-json\/wp\/v2\/pages\/9\/revisions\/25368"}],"wp:attachment":[{"href":"https:\/\/gmproperties.pl\/index.php\/wp-json\/wp\/v2\/media?parent=9"}],"curies":[{"name":"wp","href":"https:\/\/api.w.org\/{rel}","templated":true}]}}